{"id":53,"date":"2021-06-06T20:15:18","date_gmt":"2021-06-06T18:15:18","guid":{"rendered":"https:\/\/taifubeauty.de\/shop\/?post_type=product&#038;p=53"},"modified":"2022-01-23T04:31:53","modified_gmt":"2022-01-23T03:31:53","slug":"gesichtsreiniger","status":"publish","type":"product","link":"https:\/\/taifubeauty.de\/shop\/produkt\/gesichtsreiniger","title":{"rendered":"TAIFU FACIAL CLEANSER  50ml"},"content":{"rendered":"<p>Ist ein innovatives Aminos\u00e4ure Reinigungsgel\u00a0 mit einem dezenten und angenehmen Duft. Reinigt sanft und gr\u00fcndlich Gesicht und Hals, ohne die Haut auszutrocknen oder zu reizen. Befreit die Haut zuverl\u00e4ssig von Unreinheiten, Make-up und abgestorbenen Hautsch\u00fcppchen. Anschlie\u00dfend zeigt die Haut sich nicht nur rein und weich, sondern auch bestens auf die nachfolgende Pflege vorbereitet. Mit der Peptidenformel resultiert die Anwendung dieses Qualit\u00e4tsproduktes in ein strahlendes, gesundes Hautbild.<br \/>\nF\u00fcr Alle Hauttypen geeignet.<\/p>\n<p>Anwendung: Gel &#8211; zu- Schaum<br \/>\n1-2 mal dr\u00fccken auf gereinigter Hand, mit Wasser aufsch\u00e4umen, auf dem angefeuchteten Gesicht verteilen und sanft kreisend einmassieren. Mit lauwarmen Wasser entfernen.<\/p>\n","protected":false},"excerpt":{"rendered":"<p>Ist ein innovatives Aminos\u00e4ure Reinigungsgel\u00a0 mit einem dezenten und angenehmen Duft. Reinigt sanft und gr\u00fcndlich Gesicht und Hals, ohne die Haut auszutrocknen oder zu reizen. Befreit die Haut zuverl\u00e4ssig von Unreinheiten, Make-up und abgestorbenen Hautsch\u00fcppchen. Anschlie\u00dfend zeigt die Haut sich nicht nur rein und weich, sondern auch bestens auf die nachfolgende Pflege vorbereitet. Mit der [&hellip;]<\/p>\n","protected":false},"featured_media":454,"template":"","meta":[],"product_cat":[15],"product_tag":[27,48],"_links":{"self":[{"href":"https:\/\/taifubeauty.de\/shop\/wp-json\/wp\/v2\/product\/53"}],"collection":[{"href":"https:\/\/taifubeauty.de\/shop\/wp-json\/wp\/v2\/product"}],"about":[{"href":"https:\/\/taifubeauty.de\/shop\/wp-json\/wp\/v2\/types\/product"}],"version-history":[{"count":6,"href":"https:\/\/taifubeauty.de\/shop\/wp-json\/wp\/v2\/product\/53\/revisions"}],"predecessor-version":[{"id":746,"href":"https:\/\/taifubeauty.de\/shop\/wp-json\/wp\/v2\/product\/53\/revisions\/746"}],"wp:featuredmedia":[{"embeddable":true,"href":"https:\/\/taifubeauty.de\/shop\/wp-json\/wp\/v2\/media\/454"}],"wp:attachment":[{"href":"https:\/\/taifubeauty.de\/shop\/wp-json\/wp\/v2\/media?parent=53"}],"wp:term":[{"taxonomy":"product_cat","embeddable":true,"href":"https:\/\/taifubeauty.de\/shop\/wp-json\/wp\/v2\/product_cat?post=53"},{"taxonomy":"product_tag","embeddable":true,"href":"https:\/\/taifubeauty.de\/shop\/wp-json\/wp\/v2\/product_tag?post=53"}],"curies":[{"name":"wp","href":"https:\/\/api.w.org\/{rel}","templated":true}]}}