{"id":339,"date":"2021-09-07T13:37:39","date_gmt":"2021-09-07T11:37:39","guid":{"rendered":"https:\/\/taifubeauty.de\/shop\/?post_type=product&#038;p=339"},"modified":"2022-01-23T04:31:53","modified_gmt":"2022-01-23T03:31:53","slug":"taifu-5in1-spray-100ml-30ml","status":"publish","type":"product","link":"https:\/\/taifubeauty.de\/shop\/produkt\/taifu-5in1-spray-100ml-30ml","title":{"rendered":"taifu 5in1  100ml + 30ml Combo"},"content":{"rendered":"<p>TAIFU Herbal Verj\u00fcngungs-Spray ist die neueste Technologie in der Hautpflege, die nat\u00fcrliche Kr\u00e4uter und Anti-Aging-Peptide kombiniert, um Ihre Haut zu revitalisieren. Unsere Formel wird mit Leichtigkeit in die tieferen Schichten der Dermis aufgenommen, um die Zellen zu beleben und die Hautregeneration anzuregen. TAIFU belebt und n\u00e4hrt die Haut wieder auf. Das Auftreten von feinen Linien, Falten, Schwellungen und Hautunreinheiten wird sichtbar verringert.<\/p>\n<p><strong>Vorteile von 5 Hautpflegeprodukten in 1 Spray<\/strong><\/p>\n<p>Vereinfachen Sie Ihr Leben, indem Sie TAIFU als Teil Ihrer t\u00e4glichen Sch\u00f6nheitsroutine verwenden. Spr\u00fchen Sie TAIFU einfach auf Ihr Gesicht und lassen Sie es in Ihre Haut einziehen, um die Wirkungen sofort zu sp\u00fcren und zu sehen. Genie\u00dfen Sie alle Vorteile dieser 5 Hautpflegeprodukte in einer Flasche:<\/p>\n<p>\u2022Gesichtwasser<\/p>\n<p>\u2022Serum<\/p>\n<p>\u2022Augencreme<\/p>\n<p>\u2022Tagescreme<\/p>\n<p>\u2022Nachtcreme<\/p>\n<p><strong>Sicher und nat\u00fcrlich<\/strong><\/p>\n<p>Keine giftigen Inhaltsstoffe oder Zusatzstoffe. Sch\u00fctzen Sie Ihre Haut und halten Ihre jugendliche Sch\u00f6nheit fest. Hergestellt in Spanien mit internationalen Labortests und Zertifizierungen.<\/p>\n<p><strong>Gebrauchsanweisung<\/strong><\/p>\n<p>Reinigen Sie Ihre Haut und spr\u00fchen Sie gro\u00dfz\u00fcgig von 10-20 cm Entfernung mit geschlossenen Augen auf Gesicht und Hals. Vor und nach Make-up verwendbar.<\/p>\n<p>F\u00fcr das beste Ergebnis, am Morgen und Nachts aufspr\u00fchen. Im Laufe des Tages erneut auftragen, um Ihre Haut zu erfrischen. TAIFU Gesichtsreiniger wirkt vor der Anwendung des Sprays als gro\u00dfartiger Reiniger.<\/p>\n<p><a href=\"https:\/\/taifubeauty.de\/shop\/?product=taifu-5in1-spray-100ml-5er-pack\"><strong><em>Kaufe 5 Flaschen und spare 19%.<\/em><\/strong><\/a><\/p>\n<p>How to use Anleitung<\/p>\n<div style=\"width: 640px;\" class=\"wp-video\"><!--[if lt IE 9]><script>document.createElement('video');<\/script><![endif]-->\n<video class=\"wp-video-shortcode\" id=\"video-339-1\" width=\"640\" height=\"360\" preload=\"metadata\" controls=\"controls\"><source type=\"video\/mp4\" src=\"https:\/\/www.taifubeauty.de\/shop\/video\/taifuanw.mp4?_=1\" \/><a href=\"https:\/\/www.taifubeauty.de\/shop\/video\/taifuanw.mp4\">https:\/\/www.taifubeauty.de\/shop\/video\/taifuanw.mp4<\/a><\/video><\/div>\n","protected":false},"excerpt":{"rendered":"<p>Erhalten Sie 30% mehr TAIFU f\u00fcr nur 10\u20ac. Kaufen Sie eine 100ml Flasche TAIFU und erhalten Sie die 30ml Flasche in Reisegr\u00f6\u00dfe f\u00fcr nur 10 Euro mehr.<\/p>\n","protected":false},"featured_media":341,"template":"","meta":[],"product_cat":[15],"product_tag":[],"_links":{"self":[{"href":"https:\/\/taifubeauty.de\/shop\/wp-json\/wp\/v2\/product\/339"}],"collection":[{"href":"https:\/\/taifubeauty.de\/shop\/wp-json\/wp\/v2\/product"}],"about":[{"href":"https:\/\/taifubeauty.de\/shop\/wp-json\/wp\/v2\/types\/product"}],"version-history":[{"count":15,"href":"https:\/\/taifubeauty.de\/shop\/wp-json\/wp\/v2\/product\/339\/revisions"}],"predecessor-version":[{"id":751,"href":"https:\/\/taifubeauty.de\/shop\/wp-json\/wp\/v2\/product\/339\/revisions\/751"}],"wp:featuredmedia":[{"embeddable":true,"href":"https:\/\/taifubeauty.de\/shop\/wp-json\/wp\/v2\/media\/341"}],"wp:attachment":[{"href":"https:\/\/taifubeauty.de\/shop\/wp-json\/wp\/v2\/media?parent=339"}],"wp:term":[{"taxonomy":"product_cat","embeddable":true,"href":"https:\/\/taifubeauty.de\/shop\/wp-json\/wp\/v2\/product_cat?post=339"},{"taxonomy":"product_tag","embeddable":true,"href":"https:\/\/taifubeauty.de\/shop\/wp-json\/wp\/v2\/product_tag?post=339"}],"curies":[{"name":"wp","href":"https:\/\/api.w.org\/{rel}","templated":true}]}}