{"id":253,"date":"2021-06-26T18:44:18","date_gmt":"2021-06-26T16:44:18","guid":{"rendered":"https:\/\/taifubeauty.de\/shop\/?post_type=product&#038;p=253"},"modified":"2022-01-23T04:31:53","modified_gmt":"2022-01-23T03:31:53","slug":"itaifu-repair","status":"publish","type":"product","link":"https:\/\/taifubeauty.de\/shop\/produkt\/itaifu-repair","title":{"rendered":"itaifu Intensive Repair Cream 30ml"},"content":{"rendered":"<p>Intensive Repair-Cream (alle Hauttypen)<\/p>\n<p>itaifu Intensive Repair kombiniert die besten Kr\u00e4uterextrakte aus : Paeonia Albiflora, Emu-\u00d6l, Avena Sativa, Haferkerneextrakt und hydrolisierte Gel\u00e9e Royale Proteine. Es verleiht zus\u00e4tzliche Feuchtigkeit, Geschmeidigkeit. Belebt die Hautzellen mit Antioxidantien und Anti-Aging-Wirkstoffen. Versch\u00f6nert die Haut indem es effektiv feine Falten entfernt, gleichzeitig auch die Zur\u00fcckbildung von Narben\u00a0 und Akneflecken beschleunigt. Gegen Akne und Unreinheit empfehlen wir es in Kombination mit Taifu-Herbal-Spray zu nutzen. Verbessert das Hautbild in eine Woche.<\/p>\n<p>Nach der morgendlichen und abendlichen Reinigung ist die Creme auf gew\u00fcnschte Stellen gleichm\u00e4\u00dfig aufzutragen. Sie ist auch als Hautpflege nach Sonnen- und Laser-Einstrahlung geeignet.<\/p>\n","protected":false},"excerpt":{"rendered":"<p>Intensive Repair-Cream (alle Hauttypen) itaifu Intensive Repair kombiniert die besten Kr\u00e4uterextrakte aus : Paeonia Albiflora, Emu-\u00d6l, Avena Sativa, Haferkerneextrakt und hydrolisierte Gel\u00e9e Royale Proteine. Es verleiht zus\u00e4tzliche Feuchtigkeit, Geschmeidigkeit. Belebt die Hautzellen mit Antioxidantien und Anti-Aging-Wirkstoffen. Versch\u00f6nert die Haut indem es effektiv feine Falten entfernt, gleichzeitig auch die Zur\u00fcckbildung von Narben\u00a0 und Akneflecken beschleunigt. Gegen [&hellip;]<\/p>\n","protected":false},"featured_media":254,"template":"","meta":[],"product_cat":[15],"product_tag":[],"_links":{"self":[{"href":"https:\/\/taifubeauty.de\/shop\/wp-json\/wp\/v2\/product\/253"}],"collection":[{"href":"https:\/\/taifubeauty.de\/shop\/wp-json\/wp\/v2\/product"}],"about":[{"href":"https:\/\/taifubeauty.de\/shop\/wp-json\/wp\/v2\/types\/product"}],"version-history":[{"count":7,"href":"https:\/\/taifubeauty.de\/shop\/wp-json\/wp\/v2\/product\/253\/revisions"}],"predecessor-version":[{"id":745,"href":"https:\/\/taifubeauty.de\/shop\/wp-json\/wp\/v2\/product\/253\/revisions\/745"}],"wp:featuredmedia":[{"embeddable":true,"href":"https:\/\/taifubeauty.de\/shop\/wp-json\/wp\/v2\/media\/254"}],"wp:attachment":[{"href":"https:\/\/taifubeauty.de\/shop\/wp-json\/wp\/v2\/media?parent=253"}],"wp:term":[{"taxonomy":"product_cat","embeddable":true,"href":"https:\/\/taifubeauty.de\/shop\/wp-json\/wp\/v2\/product_cat?post=253"},{"taxonomy":"product_tag","embeddable":true,"href":"https:\/\/taifubeauty.de\/shop\/wp-json\/wp\/v2\/product_tag?post=253"}],"curies":[{"name":"wp","href":"https:\/\/api.w.org\/{rel}","templated":true}]}}