{"id":353,"date":"2021-09-13T14:54:55","date_gmt":"2021-09-13T12:54:55","guid":{"rendered":"https:\/\/taifubeauty.de\/shop\/?page_id=353"},"modified":"2021-12-06T08:38:58","modified_gmt":"2021-12-06T07:38:58","slug":"partner-werden","status":"publish","type":"page","link":"https:\/\/taifubeauty.de\/shop\/partner-werden","title":{"rendered":"Vertriebs-Partner werden"},"content":{"rendered":"\n<p>Taif\u00fa Oriental Herbal ist ein neuartiges Hautpflegeprodukt mit 3-facher Innovation. Die Produkte sind im hohen Qualit\u00e4tsbereich angesiedelt, frei von Schadstoffen und k\u00f6nnen auch von schwangeren Frauen verwendet werden. Dieser innovative Hautpflege mit 5 in 1 Anwendung ist ein erstklassiges Anti-Aging Produkt, und ist einmalig auf dem Markt.  Alle unsere Produkte sind streng gepr\u00fcft und international zertifiziert. Unsere Produkte entsprechen unserer Philosophie \u201cNatur und Sch\u00f6nheit&#8221;, die eine gesunde und belebte Haut erzielt.<\/p>\n\n\n\n<p>F\u00fcr weitere Details k\u00f6nnen Sie uns gerne jeder Zeit kontaktieren.<\/p>\n\n\n\n<p>Kontakt:<\/p>\n\n\n\n<p>Email: sale@taifubeauty.de<\/p>\n\n\n\n<p>Wir freuen uns auf gemeinsames Wachstum.<\/p>\n\n\n\n<p><\/p>\n","protected":false},"excerpt":{"rendered":"<p>Taif\u00fa Oriental Herbal ist ein neuartiges Hautpflegeprodukt mit 3-facher Innovation. Die Produkte sind im hohen Qualit\u00e4tsbereich angesiedelt, frei von Schadstoffen und k\u00f6nnen auch von schwangeren Frauen verwendet werden. Dieser innovative Hautpflege mit 5 in 1 Anwendung ist ein erstklassiges Anti-Aging Produkt, und ist einmalig auf dem Markt. Alle unsere Produkte sind streng gepr\u00fcft und international [&hellip;]<\/p>\n","protected":false},"author":1,"featured_media":0,"parent":0,"menu_order":0,"comment_status":"closed","ping_status":"closed","template":"","meta":[],"_links":{"self":[{"href":"https:\/\/taifubeauty.de\/shop\/wp-json\/wp\/v2\/pages\/353"}],"collection":[{"href":"https:\/\/taifubeauty.de\/shop\/wp-json\/wp\/v2\/pages"}],"about":[{"href":"https:\/\/taifubeauty.de\/shop\/wp-json\/wp\/v2\/types\/page"}],"author":[{"embeddable":true,"href":"https:\/\/taifubeauty.de\/shop\/wp-json\/wp\/v2\/users\/1"}],"replies":[{"embeddable":true,"href":"https:\/\/taifubeauty.de\/shop\/wp-json\/wp\/v2\/comments?post=353"}],"version-history":[{"count":7,"href":"https:\/\/taifubeauty.de\/shop\/wp-json\/wp\/v2\/pages\/353\/revisions"}],"predecessor-version":[{"id":708,"href":"https:\/\/taifubeauty.de\/shop\/wp-json\/wp\/v2\/pages\/353\/revisions\/708"}],"wp:attachment":[{"href":"https:\/\/taifubeauty.de\/shop\/wp-json\/wp\/v2\/media?parent=353"}],"curies":[{"name":"wp","href":"https:\/\/api.w.org\/{rel}","templated":true}]}}